{"id":601,"date":"2026-03-05T10:33:29","date_gmt":"2026-03-05T09:33:29","guid":{"rendered":"https:\/\/prolaengholz.ch\/wer-sind-wir\/"},"modified":"2026-04-02T10:22:14","modified_gmt":"2026-04-02T08:22:14","slug":"wer-sind-wir","status":"publish","type":"page","link":"https:\/\/prolaengholz.ch\/de\/wer-sind-wir\/","title":{"rendered":"Wer sind wir?"},"content":{"rendered":"\t\t<div data-elementor-type=\"wp-page\" data-elementor-id=\"601\" class=\"elementor elementor-601 elementor-66\">\n\t\t\t\t<div class=\"elementor-element elementor-element-3103e03 e-flex e-con-boxed e-con e-parent\" data-id=\"3103e03\" data-element_type=\"container\" data-e-type=\"container\" data-settings=\"{&quot;background_background&quot;:&quot;classic&quot;}\">\n\t\t\t\t\t<div class=\"e-con-inner\">\n\t\t\t\t<div class=\"elementor-element elementor-element-2990bee elementor-widget elementor-widget-heading\" data-id=\"2990bee\" data-element_type=\"widget\" data-e-type=\"widget\" data-widget_type=\"heading.default\">\n\t\t\t\t\t<h1 class=\"elementor-heading-title elementor-size-default\">PRO L\u00c4NGHOLZ<\/h1>\t\t\t\t<\/div>\n\t\t\t\t<div class=\"elementor-element elementor-element-5b7542e elementor-align-center elementor-widget elementor-widget-button\" data-id=\"5b7542e\" data-element_type=\"widget\" data-e-type=\"widget\" data-widget_type=\"button.default\">\n\t\t\t\t\t\t\t\t\t\t<a class=\"elementor-button elementor-button-link elementor-size-sm\" href=\"https:\/\/prolaengholz.ch\/de\/kontakt\/\">\n\t\t\t\t\t\t<span class=\"elementor-button-content-wrapper\">\n\t\t\t\t\t\t\t\t\t<span class=\"elementor-button-text\">Ich setze mich f\u00fcr meinen Wald ein!<\/span>\n\t\t\t\t\t<\/span>\n\t\t\t\t\t<\/a>\n\t\t\t\t\t\t\t\t<\/div>\n\t\t\t\t\t<\/div>\n\t\t\t\t<\/div>\n\t\t<div class=\"elementor-element elementor-element-0f114db e-flex e-con-boxed e-con e-parent\" data-id=\"0f114db\" data-element_type=\"container\" data-e-type=\"container\">\n\t\t\t\t\t<div class=\"e-con-inner\">\n\t\t<div class=\"elementor-element elementor-element-56545a4 e-con-full e-flex e-con e-child\" data-id=\"56545a4\" data-element_type=\"container\" data-e-type=\"container\">\n\t\t\t\t<div class=\"elementor-element elementor-element-4c69104 elementor-widget elementor-widget-heading\" data-id=\"4c69104\" data-element_type=\"widget\" data-e-type=\"widget\" data-widget_type=\"heading.default\">\n\t\t\t\t\t<h2 class=\"elementor-heading-title elementor-size-default\">WER SIND WIR?<\/h2>\t\t\t\t<\/div>\n\t\t\t\t<div class=\"elementor-element elementor-element-9a2f0d6 elementor-widget elementor-widget-text-editor\" data-id=\"9a2f0d6\" data-element_type=\"widget\" data-e-type=\"widget\" data-widget_type=\"text-editor.default\">\n\t\t\t\t\t\t\t\t\t<p>Wir sind eine Gruppe Bieler B\u00fcrgerinnen und B\u00fcrger, die ihren Wald lieben.<\/p><p>Wir engagieren uns in einem konstruktiven Dialog mit den Forstdiensten f\u00fcr eine naturnahe Waldbewirtschaftung und daf\u00fcr, dass die soziale Funktion des L\u00e4ngholz-Waldes bei der Planung der Holzschl\u00e4ge ber\u00fccksichtigt wird.<\/p><p>Wir organisieren punktuell Veranstaltungen, um die Bedeutung dieses Waldes f\u00fcr die Bieler Bev\u00f6lkerung sichtbar zu machen.<\/p>\t\t\t\t\t\t\t\t<\/div>\n\t\t\t\t<div class=\"elementor-element elementor-element-4474e06 elementor-widget elementor-widget-button\" data-id=\"4474e06\" data-element_type=\"widget\" data-e-type=\"widget\" data-widget_type=\"button.default\">\n\t\t\t\t\t\t\t\t\t\t<a class=\"elementor-button elementor-button-link elementor-size-sm\" href=\"https:\/\/prolaengholz.ch\/de\/historie\/\">\n\t\t\t\t\t\t<span class=\"elementor-button-content-wrapper\">\n\t\t\t\t\t\t\t\t\t<span class=\"elementor-button-text\">Weitere Details in der Historie<\/span>\n\t\t\t\t\t<\/span>\n\t\t\t\t\t<\/a>\n\t\t\t\t\t\t\t\t<\/div>\n\t\t\t\t<\/div>\n\t\t<div class=\"elementor-element elementor-element-74b50ab e-con-full e-flex e-con e-child\" data-id=\"74b50ab\" data-element_type=\"container\" data-e-type=\"container\">\n\t\t\t\t<div class=\"elementor-element elementor-element-d9230c7 elementor-widget elementor-widget-image\" data-id=\"d9230c7\" data-element_type=\"widget\" data-e-type=\"widget\" data-widget_type=\"image.default\">\n\t\t\t\t\t\t\t\t\t\t\t\t\t\t\t<img fetchpriority=\"high\" decoding=\"async\" width=\"2560\" height=\"1707\" src=\"https:\/\/prolaengholz.ch\/wp-content\/uploads\/2026\/03\/DSC_0192-scaled.jpg\" class=\"attachment-full size-full wp-image-602\" alt=\"\" srcset=\"https:\/\/prolaengholz.ch\/wp-content\/uploads\/2026\/03\/DSC_0192-scaled.jpg 2560w, https:\/\/prolaengholz.ch\/wp-content\/uploads\/2026\/03\/DSC_0192-300x200.jpg 300w, https:\/\/prolaengholz.ch\/wp-content\/uploads\/2026\/03\/DSC_0192-1024x683.jpg 1024w, https:\/\/prolaengholz.ch\/wp-content\/uploads\/2026\/03\/DSC_0192-768x512.jpg 768w, https:\/\/prolaengholz.ch\/wp-content\/uploads\/2026\/03\/DSC_0192-1536x1024.jpg 1536w, https:\/\/prolaengholz.ch\/wp-content\/uploads\/2026\/03\/DSC_0192-2048x1365.jpg 2048w\" sizes=\"(max-width: 2560px) 100vw, 2560px\" \/>\t\t\t\t\t\t\t\t\t\t\t\t\t\t\t<\/div>\n\t\t\t\t<\/div>\n\t\t\t\t\t<\/div>\n\t\t\t\t<\/div>\n\t\t<div class=\"elementor-element elementor-element-bcf4e23 e-flex e-con-boxed e-con e-parent\" data-id=\"bcf4e23\" data-element_type=\"container\" data-e-type=\"container\">\n\t\t\t\t\t<div class=\"e-con-inner\">\n\t\t<div class=\"elementor-element elementor-element-4dba900 e-con-full e-flex e-con e-child\" data-id=\"4dba900\" data-element_type=\"container\" data-e-type=\"container\">\n\t\t<div class=\"elementor-element elementor-element-43100b9 e-con-full e-flex e-con e-child\" data-id=\"43100b9\" data-element_type=\"container\" data-e-type=\"container\">\n\t\t\t\t<div class=\"elementor-element elementor-element-e339da1 elementor-widget elementor-widget-image\" data-id=\"e339da1\" data-element_type=\"widget\" data-e-type=\"widget\" data-widget_type=\"image.default\">\n\t\t\t\t\t\t\t\t\t\t\t\t\t\t\t<img decoding=\"async\" width=\"1024\" height=\"683\" src=\"https:\/\/prolaengholz.ch\/wp-content\/uploads\/2026\/03\/DSC_0117-bien-1024x683.jpg\" class=\"attachment-large size-large wp-image-604\" alt=\"\" srcset=\"https:\/\/prolaengholz.ch\/wp-content\/uploads\/2026\/03\/DSC_0117-bien-1024x683.jpg 1024w, https:\/\/prolaengholz.ch\/wp-content\/uploads\/2026\/03\/DSC_0117-bien-300x200.jpg 300w, https:\/\/prolaengholz.ch\/wp-content\/uploads\/2026\/03\/DSC_0117-bien-768x512.jpg 768w, https:\/\/prolaengholz.ch\/wp-content\/uploads\/2026\/03\/DSC_0117-bien-1536x1024.jpg 1536w, https:\/\/prolaengholz.ch\/wp-content\/uploads\/2026\/03\/DSC_0117-bien-2048x1365.jpg 2048w\" sizes=\"(max-width: 1024px) 100vw, 1024px\" \/>\t\t\t\t\t\t\t\t\t\t\t\t\t\t\t<\/div>\n\t\t\t\t<div class=\"elementor-element elementor-element-07988f3 elementor-widget elementor-widget-image\" data-id=\"07988f3\" data-element_type=\"widget\" data-e-type=\"widget\" data-widget_type=\"image.default\">\n\t\t\t\t\t\t\t\t\t\t\t\t\t\t\t<img decoding=\"async\" width=\"841\" height=\"595\" src=\"https:\/\/prolaengholz.ch\/wp-content\/uploads\/2026\/03\/karte_findlinge.png\" class=\"attachment-large size-large wp-image-606\" alt=\"\" srcset=\"https:\/\/prolaengholz.ch\/wp-content\/uploads\/2026\/03\/karte_findlinge.png 841w, https:\/\/prolaengholz.ch\/wp-content\/uploads\/2026\/03\/karte_findlinge-300x212.png 300w, https:\/\/prolaengholz.ch\/wp-content\/uploads\/2026\/03\/karte_findlinge-768x543.png 768w\" sizes=\"(max-width: 841px) 100vw, 841px\" \/>\t\t\t\t\t\t\t\t\t\t\t\t\t\t\t<\/div>\n\t\t\t\t<\/div>\n\t\t\t\t<\/div>\n\t\t<div class=\"elementor-element elementor-element-e0ded22 e-con-full e-flex e-con e-child\" data-id=\"e0ded22\" data-element_type=\"container\" data-e-type=\"container\">\n\t\t\t\t<div class=\"elementor-element elementor-element-833dbf8 elementor-widget__width-initial elementor-widget elementor-widget-heading\" data-id=\"833dbf8\" data-element_type=\"widget\" data-e-type=\"widget\" data-widget_type=\"heading.default\">\n\t\t\t\t\t<h2 class=\"elementor-heading-title elementor-size-default\">Der L\u00e4ngholz-Wald<\/h2>\t\t\t\t<\/div>\n\t\t\t\t<div class=\"elementor-element elementor-element-79a2a78 elementor-widget__width-initial elementor-widget elementor-widget-text-editor\" data-id=\"79a2a78\" data-element_type=\"widget\" data-e-type=\"widget\" data-widget_type=\"text-editor.default\">\n\t\t\t\t\t\t\t\t\t<p>Der L\u00e4ngholz-Wald ist ein sch\u00f6ner kleiner Wald am Rande der Stadt Biel. Er ist auch ein Schutzgebiet f\u00fcr gesch\u00fctzte erratische Bl\u00f6cke (diese grossen Alpenfelsen, die beim Abschmelzen des letzten Gletschers zur\u00fcckblieben).<\/p><p>Dieser Wald empf\u00e4ngt t\u00e4glich zahlreiche Besucher, sei es Waldkinderg\u00e4rten, F\u00f6rderklassen, Waldspielgruppen, Hobby-Ornithologen, Spazierg\u00e4nger usw.<\/p><p>Er bietet einen privilegierten Rahmen, um neue Kraft zu sch\u00f6pfen, sei es bei einem Spaziergang unter den hundertj\u00e4hrigen Eichen, auf der Suche nach geheimnisvollen erratischen Bl\u00f6cken, beim Beobachten der Tierwelt oder beim Eintauchen in die faszinierende Welt der Pilze.<\/p><p>Er ist somit ein wichtiger Lebensraum f\u00fcr die Bieler Bev\u00f6lkerung, der gepflegt werden muss.<\/p>\t\t\t\t\t\t\t\t<\/div>\n\t\t\t\t<\/div>\n\t\t\t\t\t<\/div>\n\t\t\t\t<\/div>\n\t\t<div class=\"elementor-element elementor-element-0177628 e-flex e-con-boxed e-con e-parent\" data-id=\"0177628\" data-element_type=\"container\" data-e-type=\"container\">\n\t\t\t\t\t<div class=\"e-con-inner\">\n\t\t\t\t<div class=\"elementor-element elementor-element-e690708 elementor-widget elementor-widget-text-editor\" data-id=\"e690708\" data-element_type=\"widget\" data-e-type=\"widget\" data-widget_type=\"text-editor.default\">\n\t\t\t\t\t\t\t\t\t<div class=\"page\" title=\"Seite 1\"><div class=\"layoutArea\"><div class=\"column\"><p><em>\u201eDie Funktionen eines Waldes h\u00e4ngen von seinem Standort und dem vorrangigen Ziel ab, das er erf\u00fcllen soll. Er wird entsprechend bewirtschaftet: [&#8230;] befindet er sich in der N\u00e4he von Siedlungen, wird er haupts\u00e4chlich als Erholungs- und Freizeitort genutzt.\u201c <\/em><\/p><\/div><\/div><\/div>\t\t\t\t\t\t\t\t<\/div>\n\t\t\t\t<div class=\"elementor-element elementor-element-5f8c235 elementor-widget elementor-widget-heading\" data-id=\"5f8c235\" data-element_type=\"widget\" data-e-type=\"widget\" data-widget_type=\"heading.default\">\n\t\t\t\t\t<h6 class=\"elementor-heading-title elementor-size-default\">Kanton Bern, Wirtschafts-, Energie- und Umweltdirektion\n\n<\/h6>\t\t\t\t<\/div>\n\t\t\t\t<div class=\"elementor-element elementor-element-9eeb92c elementor-widget elementor-widget-text-editor\" data-id=\"9eeb92c\" data-element_type=\"widget\" data-e-type=\"widget\" data-widget_type=\"text-editor.default\">\n\t\t\t\t\t\t\t\t\t<p>FAQ zu Holzschl\u00e4gen (2023)<\/p>\t\t\t\t\t\t\t\t<\/div>\n\t\t\t\t\t<\/div>\n\t\t\t\t<\/div>\n\t\t\t\t<\/div>\n\t\t","protected":false},"excerpt":{"rendered":"<p>PRO L\u00c4NGHOLZ Ich setze mich f\u00fcr meinen Wald ein! WER SIND WIR? Wir sind eine Gruppe Bieler B\u00fcrgerinnen und B\u00fcrger, [&hellip;]<\/p>\n","protected":false},"author":2,"featured_media":0,"parent":0,"menu_order":0,"comment_status":"closed","ping_status":"closed","template":"","meta":{"site-sidebar-layout":"no-sidebar","site-content-layout":"","ast-site-content-layout":"full-width-container","site-content-style":"default","site-sidebar-style":"default","ast-global-header-display":"","ast-banner-title-visibility":"","ast-main-header-display":"","ast-hfb-above-header-display":"","ast-hfb-below-header-display":"","ast-hfb-mobile-header-display":"","site-post-title":"","ast-breadcrumbs-content":"","ast-featured-img":"disabled","footer-sml-layout":"","ast-disable-related-posts":"","theme-transparent-header-meta":"","adv-header-id-meta":"","stick-header-meta":"","header-above-stick-meta":"","header-main-stick-meta":"","header-below-stick-meta":"","astra-migrate-meta-layouts":"default","ast-page-background-enabled":"default","ast-page-background-meta":{"desktop":{"background-color":"var(--ast-global-color-4)","background-image":"","background-repeat":"repeat","background-position":"center center","background-size":"auto","background-attachment":"scroll","background-type":"","background-media":"","overlay-type":"","overlay-color":"","overlay-opacity":"","overlay-gradient":""},"tablet":{"background-color":"","background-image":"","background-repeat":"repeat","background-position":"center center","background-size":"auto","background-attachment":"scroll","background-type":"","background-media":"","overlay-type":"","overlay-color":"","overlay-opacity":"","overlay-gradient":""},"mobile":{"background-color":"","background-image":"","background-repeat":"repeat","background-position":"center center","background-size":"auto","background-attachment":"scroll","background-type":"","background-media":"","overlay-type":"","overlay-color":"","overlay-opacity":"","overlay-gradient":""}},"ast-content-background-meta":{"desktop":{"background-color":"var(--ast-global-color-5)","background-image":"","background-repeat":"repeat","background-position":"center center","background-size":"auto","background-attachment":"scroll","background-type":"","background-media":"","overlay-type":"","overlay-color":"","overlay-opacity":"","overlay-gradient":""},"tablet":{"background-color":"var(--ast-global-color-5)","background-image":"","background-repeat":"repeat","background-position":"center center","background-size":"auto","background-attachment":"scroll","background-type":"","background-media":"","overlay-type":"","overlay-color":"","overlay-opacity":"","overlay-gradient":""},"mobile":{"background-color":"var(--ast-global-color-5)","background-image":"","background-repeat":"repeat","background-position":"center center","background-size":"auto","background-attachment":"scroll","background-type":"","background-media":"","overlay-type":"","overlay-color":"","overlay-opacity":"","overlay-gradient":""}},"footnotes":""},"class_list":["post-601","page","type-page","status-publish","hentry"],"_links":{"self":[{"href":"https:\/\/prolaengholz.ch\/de\/wp-json\/wp\/v2\/pages\/601","targetHints":{"allow":["GET"]}}],"collection":[{"href":"https:\/\/prolaengholz.ch\/de\/wp-json\/wp\/v2\/pages"}],"about":[{"href":"https:\/\/prolaengholz.ch\/de\/wp-json\/wp\/v2\/types\/page"}],"author":[{"embeddable":true,"href":"https:\/\/prolaengholz.ch\/de\/wp-json\/wp\/v2\/users\/2"}],"replies":[{"embeddable":true,"href":"https:\/\/prolaengholz.ch\/de\/wp-json\/wp\/v2\/comments?post=601"}],"version-history":[{"count":2,"href":"https:\/\/prolaengholz.ch\/de\/wp-json\/wp\/v2\/pages\/601\/revisions"}],"predecessor-version":[{"id":700,"href":"https:\/\/prolaengholz.ch\/de\/wp-json\/wp\/v2\/pages\/601\/revisions\/700"}],"wp:attachment":[{"href":"https:\/\/prolaengholz.ch\/de\/wp-json\/wp\/v2\/media?parent=601"}],"curies":[{"name":"wp","href":"https:\/\/api.w.org\/{rel}","templated":true}]}}