{"id":608,"date":"2026-03-05T08:41:22","date_gmt":"2026-03-05T07:41:22","guid":{"rendered":"https:\/\/prolaengholz.ch\/startseite\/"},"modified":"2026-04-14T15:59:34","modified_gmt":"2026-04-14T13:59:34","slug":"startseite","status":"publish","type":"page","link":"https:\/\/prolaengholz.ch\/de\/","title":{"rendered":"Startseite"},"content":{"rendered":"\t\t<div data-elementor-type=\"wp-page\" data-elementor-id=\"608\" class=\"elementor elementor-608 elementor-20\">\n\t\t\t\t<div class=\"elementor-element elementor-element-1f66c6 e-flex e-con-boxed e-con e-parent\" data-id=\"1f66c6\" data-element_type=\"container\" data-e-type=\"container\" data-settings=\"{&quot;background_background&quot;:&quot;classic&quot;}\">\n\t\t\t\t\t<div class=\"e-con-inner\">\n\t\t\t\t<div class=\"elementor-element elementor-element-3f6c21e6 elementor-widget elementor-widget-heading\" data-id=\"3f6c21e6\" data-element_type=\"widget\" data-e-type=\"widget\" data-widget_type=\"heading.default\">\n\t\t\t\t\t<h1 class=\"elementor-heading-title elementor-size-default\">PRO L\u00c4NGHOLZ<\/h1>\t\t\t\t<\/div>\n\t\t\t\t<div class=\"elementor-element elementor-element-20247851 elementor-align-center elementor-widget elementor-widget-button\" data-id=\"20247851\" data-element_type=\"widget\" data-e-type=\"widget\" data-widget_type=\"button.default\">\n\t\t\t\t\t\t\t\t\t\t<a class=\"elementor-button elementor-button-link elementor-size-sm\" href=\"https:\/\/prolaengholz.ch\/de\/kontakt\/\">\n\t\t\t\t\t\t<span class=\"elementor-button-content-wrapper\">\n\t\t\t\t\t\t\t\t\t<span class=\"elementor-button-text\">Ich setze mich f\u00fcr meinen Wald ein!<\/span>\n\t\t\t\t\t<\/span>\n\t\t\t\t\t<\/a>\n\t\t\t\t\t\t\t\t<\/div>\n\t\t\t\t\t<\/div>\n\t\t\t\t<\/div>\n\t\t<div class=\"elementor-element elementor-element-fd07cb3 e-flex e-con-boxed e-con e-parent\" data-id=\"fd07cb3\" data-element_type=\"container\" data-e-type=\"container\">\n\t\t\t\t\t<div class=\"e-con-inner\">\n\t\t\t\t<div class=\"elementor-element elementor-element-e4199cc elementor-widget elementor-widget-heading\" data-id=\"e4199cc\" data-element_type=\"widget\" data-e-type=\"widget\" data-widget_type=\"heading.default\">\n\t\t\t\t\t<h2 class=\"elementor-heading-title elementor-size-default\">Aktuelles<\/h2>\t\t\t\t<\/div>\n\t\t\t\t\t<\/div>\n\t\t\t\t<\/div>\n\t\t<div class=\"elementor-element elementor-element-725b29e e-flex e-con-boxed e-con e-parent\" data-id=\"725b29e\" data-element_type=\"container\" data-e-type=\"container\">\n\t\t\t\t\t<div class=\"e-con-inner\">\n\t\t<div class=\"elementor-element elementor-element-88964d1 e-con-full e-flex e-con e-child\" data-id=\"88964d1\" data-element_type=\"container\" data-e-type=\"container\">\n\t\t\t\t<div class=\"elementor-element elementor-element-b1b4ec6 elementor-widget elementor-widget-image\" data-id=\"b1b4ec6\" data-element_type=\"widget\" data-e-type=\"widget\" data-widget_type=\"image.default\">\n\t\t\t\t\t\t\t\t\t\t\t\t\t\t\t<img fetchpriority=\"high\" decoding=\"async\" width=\"1024\" height=\"683\" src=\"https:\/\/prolaengholz.ch\/wp-content\/uploads\/2026\/03\/4cc0c3b1-9d71-4014-b0b7-f9a4a2a70d00-1024x683.jpg\" class=\"attachment-large size-large wp-image-610\" alt=\"\" srcset=\"https:\/\/prolaengholz.ch\/wp-content\/uploads\/2026\/03\/4cc0c3b1-9d71-4014-b0b7-f9a4a2a70d00-1024x683.jpg 1024w, https:\/\/prolaengholz.ch\/wp-content\/uploads\/2026\/03\/4cc0c3b1-9d71-4014-b0b7-f9a4a2a70d00-300x200.jpg 300w, https:\/\/prolaengholz.ch\/wp-content\/uploads\/2026\/03\/4cc0c3b1-9d71-4014-b0b7-f9a4a2a70d00-768x512.jpg 768w, https:\/\/prolaengholz.ch\/wp-content\/uploads\/2026\/03\/4cc0c3b1-9d71-4014-b0b7-f9a4a2a70d00.jpg 1200w\" sizes=\"(max-width: 1024px) 100vw, 1024px\" \/>\t\t\t\t\t\t\t\t\t\t\t\t\t\t\t<\/div>\n\t\t\t\t<\/div>\n\t\t<div class=\"elementor-element elementor-element-10ab240 e-con-full e-flex e-con e-child\" data-id=\"10ab240\" data-element_type=\"container\" data-e-type=\"container\">\n\t\t<div class=\"elementor-element elementor-element-34e4438 e-con-full e-flex e-con e-child\" data-id=\"34e4438\" data-element_type=\"container\" data-e-type=\"container\">\n\t\t\t\t<div class=\"elementor-element elementor-element-f4ebcee elementor-widget elementor-widget-heading\" data-id=\"f4ebcee\" data-element_type=\"widget\" data-e-type=\"widget\" data-widget_type=\"heading.default\">\n\t\t\t\t\t<h3 class=\"elementor-heading-title elementor-size-default\">Konzept zur Besucherlenkung, Umfrage und Informationsabend am 26.04.2026<\/h3>\t\t\t\t<\/div>\n\t\t\t\t<div class=\"elementor-element elementor-element-b532702 elementor-widget elementor-widget-text-editor\" data-id=\"b532702\" data-element_type=\"widget\" data-e-type=\"widget\" data-widget_type=\"text-editor.default\">\n\t\t\t\t\t\t\t\t\t<p><span style=\"color: #000000;\">Ein Konzept zur Besucherlenkung wird speziell f\u00fcr den L\u00e4ngholz-Wald entwickelt. <\/span><\/p><p><span style=\"color: #000000;\">Ein Vorstoss wurde beim Grossen Rat eingereicht, um die Bev\u00f6lkerung in den Entscheidungsprozess einzubeziehen (siehe auf <a href=\"https:\/\/prolaengholz.ch\/wp-content\/uploads\/2026\/03\/reponse-motion-besucherlankungs-11.02.2026-de-3.pdf\">Deutsch<\/a> oder auf <a href=\"https:\/\/prolaengholz.ch\/wp-content\/uploads\/2026\/03\/reponse-motion-besucherlankungs-11.02.2026-fr-2.pdf\">Franz\u00f6sisch<\/a>) sowie eine Interpellation beim Stadtrat (siehe auf <a href=\"https:\/\/prolaengholz.ch\/wp-content\/uploads\/2026\/03\/Antwort-Stadt-Interpellation-BLK-de.pdf\">Deutsch<\/a> und auf <a href=\"https:\/\/prolaengholz.ch\/wp-content\/uploads\/2026\/03\/Antwort-Stadt-Interpellation-BLK-fr.pdf\">Franz\u00f6sisch<\/a>).<\/span><\/p><p><span style=\"color: #000000;\">Eine Umfrage wird der Bev\u00f6lkerung ab dem 20. April f\u00fcr drei Wochen (bis zum 9. Mai) vorgelegt, bevor das Konzept finalisiert und umgesetzt wird. F\u00fcr diese Umfrage wird es wichtig sein, eine m\u00f6glichst hohe Beteiligung zu erreichen.<\/span><\/p><p><span style=\"color: #000000;\">Wir laden Sie herzlich ein, ZAHLREICH am Sonntag, den <strong>26. April ab 17 Uhr<\/strong>, im Zentrum Petit-Marais <\/span><a href=\"https:\/\/moeslitreff.ch\/fr\/contact\">(Chemin des Oeuches 21)<\/a><span style=\"color: #000000;\"> zu einer Informations- und Diskussionsveranstaltung zu diesem Thema zu kommen.<\/span><\/p>\t\t\t\t\t\t\t\t<\/div>\n\t\t\t\t<\/div>\n\t\t\t\t<\/div>\n\t\t\t\t\t<\/div>\n\t\t\t\t<\/div>\n\t\t<div class=\"elementor-element elementor-element-98a0974 e-flex e-con-boxed e-con e-parent\" data-id=\"98a0974\" data-element_type=\"container\" data-e-type=\"container\">\n\t\t\t\t\t<div class=\"e-con-inner\">\n\t\t\t\t<div class=\"elementor-element elementor-element-dbbd754 elementor-widget elementor-widget-text-editor\" data-id=\"dbbd754\" data-element_type=\"widget\" data-e-type=\"widget\" data-widget_type=\"text-editor.default\">\n\t\t\t\t\t\t\t\t\t<div class=\"page\" title=\"Seite 2\"><div class=\"layoutArea\"><div class=\"column\"><p><em>Unser Wald ist ein lebender Organismus von \u00e4u\u00dferst komplexer Struktur, an dessen Gleichgewicht Tiere, Pflanzen, Pilze und Bakterien beteiligt sind. Er ist wertvoller als ein Erd\u00f6lvorkommen oder eine Goldmine, denn er erneuert sich st\u00e4ndig. <\/em><\/p><\/div><\/div><\/div>\t\t\t\t\t\t\t\t<\/div>\n\t\t\t\t<div class=\"elementor-element elementor-element-fbfcdac elementor-widget elementor-widget-heading\" data-id=\"fbfcdac\" data-element_type=\"widget\" data-e-type=\"widget\" data-widget_type=\"heading.default\">\n\t\t\t\t\t<h6 class=\"elementor-heading-title elementor-size-default\">\nKANTON NEUENBURG\n<\/h6>\t\t\t\t<\/div>\n\t\t\t\t<div class=\"elementor-element elementor-element-8e6ccef elementor-widget elementor-widget-text-editor\" data-id=\"8e6ccef\" data-element_type=\"widget\" data-e-type=\"widget\" data-widget_type=\"text-editor.default\">\n\t\t\t\t\t\t\t\t\t<div class=\"wp-block-cover__inner-container has-global-padding is-layout-constrained wp-container-core-cover-is-layout-3 wp-block-cover-is-layout-constrained\"><p class=\"has-text-align-center has-text-color\" data-oa-prompt=\"Please now create a position of a client for the previous testimonial example. No more than 18 characters.\">WALDBAULICHE GRUNDS\u00c4TZE, AUSGABE 2016<\/p><\/div>\t\t\t\t\t\t\t\t<\/div>\n\t\t\t\t\t<\/div>\n\t\t\t\t<\/div>\n\t\t\t\t<\/div>\n\t\t","protected":false},"excerpt":{"rendered":"<p>PRO L\u00c4NGHOLZ Ich setze mich f\u00fcr meinen Wald ein! Aktuelles Konzept zur Besucherlenkung, Umfrage und Informationsabend am 26.04.2026 Ein Konzept [&hellip;]<\/p>\n","protected":false},"author":2,"featured_media":0,"parent":0,"menu_order":0,"comment_status":"closed","ping_status":"closed","template":"","meta":{"site-sidebar-layout":"no-sidebar","site-content-layout":"","ast-site-content-layout":"full-width-container","site-content-style":"default","site-sidebar-style":"default","ast-global-header-display":"","ast-banner-title-visibility":"","ast-main-header-display":"","ast-hfb-above-header-display":"","ast-hfb-below-header-display":"","ast-hfb-mobile-header-display":"","site-post-title":"disabled","ast-breadcrumbs-content":"","ast-featured-img":"disabled","footer-sml-layout":"","ast-disable-related-posts":"","theme-transparent-header-meta":"","adv-header-id-meta":"","stick-header-meta":"","header-above-stick-meta":"","header-main-stick-meta":"","header-below-stick-meta":"","astra-migrate-meta-layouts":"default","ast-page-background-enabled":"default","ast-page-background-meta":{"desktop":{"background-color":"var(--ast-global-color-4)","background-image":"","background-repeat":"repeat","background-position":"center center","background-size":"auto","background-attachment":"scroll","background-type":"","background-media":"","overlay-type":"","overlay-color":"","overlay-opacity":"","overlay-gradient":""},"tablet":{"background-color":"","background-image":"","background-repeat":"repeat","background-position":"center center","background-size":"auto","background-attachment":"scroll","background-type":"","background-media":"","overlay-type":"","overlay-color":"","overlay-opacity":"","overlay-gradient":""},"mobile":{"background-color":"","background-image":"","background-repeat":"repeat","background-position":"center center","background-size":"auto","background-attachment":"scroll","background-type":"","background-media":"","overlay-type":"","overlay-color":"","overlay-opacity":"","overlay-gradient":""}},"ast-content-background-meta":{"desktop":{"background-color":"var(--ast-global-color-5)","background-image":"","background-repeat":"repeat","background-position":"center center","background-size":"auto","background-attachment":"scroll","background-type":"","background-media":"","overlay-type":"","overlay-color":"","overlay-opacity":"","overlay-gradient":""},"tablet":{"background-color":"var(--ast-global-color-5)","background-image":"","background-repeat":"repeat","background-position":"center center","background-size":"auto","background-attachment":"scroll","background-type":"","background-media":"","overlay-type":"","overlay-color":"","overlay-opacity":"","overlay-gradient":""},"mobile":{"background-color":"var(--ast-global-color-5)","background-image":"","background-repeat":"repeat","background-position":"center center","background-size":"auto","background-attachment":"scroll","background-type":"","background-media":"","overlay-type":"","overlay-color":"","overlay-opacity":"","overlay-gradient":""}},"footnotes":""},"class_list":["post-608","page","type-page","status-publish","hentry"],"_links":{"self":[{"href":"https:\/\/prolaengholz.ch\/de\/wp-json\/wp\/v2\/pages\/608","targetHints":{"allow":["GET"]}}],"collection":[{"href":"https:\/\/prolaengholz.ch\/de\/wp-json\/wp\/v2\/pages"}],"about":[{"href":"https:\/\/prolaengholz.ch\/de\/wp-json\/wp\/v2\/types\/page"}],"author":[{"embeddable":true,"href":"https:\/\/prolaengholz.ch\/de\/wp-json\/wp\/v2\/users\/2"}],"replies":[{"embeddable":true,"href":"https:\/\/prolaengholz.ch\/de\/wp-json\/wp\/v2\/comments?post=608"}],"version-history":[{"count":9,"href":"https:\/\/prolaengholz.ch\/de\/wp-json\/wp\/v2\/pages\/608\/revisions"}],"predecessor-version":[{"id":704,"href":"https:\/\/prolaengholz.ch\/de\/wp-json\/wp\/v2\/pages\/608\/revisions\/704"}],"wp:attachment":[{"href":"https:\/\/prolaengholz.ch\/de\/wp-json\/wp\/v2\/media?parent=608"}],"curies":[{"name":"wp","href":"https:\/\/api.w.org\/{rel}","templated":true}]}}